{"id":26,"date":"2016-02-23T19:02:38","date_gmt":"2016-02-23T19:02:38","guid":{"rendered":"https:\/\/themify.me\/demo\/themes\/simple\/?page_id=154"},"modified":"2023-06-07T21:02:55","modified_gmt":"2023-06-07T19:02:55","slug":"about","status":"publish","type":"page","link":"https:\/\/haitielevage.com\/index.php\/about\/","title":{"rendered":"A propos"},"content":{"rendered":"\t\t<div data-elementor-type=\"wp-page\" data-elementor-id=\"26\" class=\"elementor elementor-26\">\n\t\t\t\t\t\t<section class=\"elementor-section elementor-top-section elementor-element elementor-element-c79beeb elementor-section-boxed elementor-section-height-default elementor-section-height-default\" data-id=\"c79beeb\" data-element_type=\"section\">\n\t\t\t\t\t\t<div class=\"elementor-container elementor-column-gap-default\">\n\t\t\t\t\t<div class=\"elementor-column elementor-col-100 elementor-top-column elementor-element elementor-element-357171a\" data-id=\"357171a\" data-element_type=\"column\">\n\t\t\t<div class=\"elementor-widget-wrap elementor-element-populated\">\n\t\t\t\t\t\t<div class=\"elementor-element elementor-element-e4bd528 elementor-widget elementor-widget-heading\" data-id=\"e4bd528\" data-element_type=\"widget\" data-widget_type=\"heading.default\">\n\t\t\t\t<div class=\"elementor-widget-container\">\n\t\t\t\t\t<h2 class=\"elementor-heading-title elementor-size-default\">Ha\u00efti \u00c9levage  et son \u00e9quipe...<\/h2>\t\t\t\t<\/div>\n\t\t\t\t<\/div>\n\t\t\t\t\t<\/div>\n\t\t<\/div>\n\t\t\t\t\t<\/div>\n\t\t<\/section>\n\t\t\t\t<section class=\"elementor-section elementor-top-section elementor-element elementor-element-753d215 elementor-section-boxed elementor-section-height-default elementor-section-height-default\" data-id=\"753d215\" data-element_type=\"section\">\n\t\t\t\t\t\t<div class=\"elementor-container elementor-column-gap-default\">\n\t\t\t\t\t<div class=\"elementor-column elementor-col-100 elementor-top-column elementor-element elementor-element-3e8ed9c\" data-id=\"3e8ed9c\" data-element_type=\"column\">\n\t\t\t<div class=\"elementor-widget-wrap elementor-element-populated\">\n\t\t\t\t\t\t<div class=\"elementor-element elementor-element-de0df17 elementor-widget elementor-widget-image\" data-id=\"de0df17\" data-element_type=\"widget\" data-widget_type=\"image.default\">\n\t\t\t\t<div class=\"elementor-widget-container\">\n\t\t\t\t\t\t\t\t\t\t\t\t\t\t\t<img loading=\"lazy\" decoding=\"async\" width=\"720\" height=\"960\" src=\"https:\/\/haitielevage.com\/wp-content\/uploads\/2023\/06\/Staff.jpg\" class=\"attachment-large size-large wp-image-306\" alt=\"\" srcset=\"https:\/\/haitielevage.com\/wp-content\/uploads\/2023\/06\/Staff.jpg 720w, https:\/\/haitielevage.com\/wp-content\/uploads\/2023\/06\/Staff-225x300.jpg 225w\" sizes=\"(max-width: 720px) 100vw, 720px\" \/>\t\t\t\t\t\t\t\t\t\t\t\t\t\t\t<\/div>\n\t\t\t\t<\/div>\n\t\t\t\t\t<\/div>\n\t\t<\/div>\n\t\t\t\t\t<\/div>\n\t\t<\/section>\n\t\t\t\t<section class=\"elementor-section elementor-top-section elementor-element elementor-element-90331c6 elementor-section-boxed elementor-section-height-default elementor-section-height-default\" data-id=\"90331c6\" data-element_type=\"section\">\n\t\t\t\t\t\t<div class=\"elementor-container elementor-column-gap-default\">\n\t\t\t\t\t<div class=\"elementor-column elementor-col-100 elementor-top-column elementor-element elementor-element-e111d8b\" data-id=\"e111d8b\" data-element_type=\"column\">\n\t\t\t<div class=\"elementor-widget-wrap elementor-element-populated\">\n\t\t\t\t\t\t<div class=\"elementor-element elementor-element-00333cd elementor-widget elementor-widget-text-editor\" data-id=\"00333cd\" data-element_type=\"widget\" data-widget_type=\"text-editor.default\">\n\t\t\t\t<div class=\"elementor-widget-container\">\n\t\t\t\t\t\t\t\t\t<p>Ha\u00efti\u00a0<span style=\"font-size: 16.8px;\">\u00c9<\/span>levage est une entreprise datant de plusieurs ann\u00e9es d&#8217;exp\u00e9rience en mati\u00e8re de vente de nourriture pour b\u00e9tails, d&#8217;aviculture et de pisciculture. Notre \u00e9quipe regroupe des professionnels comp\u00e9tents pouvant vous offrir tous les services n\u00e9cessaires \u00e0 l&#8217;\u00e9levage. Faites nous confiance!<\/p>\t\t\t\t\t\t\t\t<\/div>\n\t\t\t\t<\/div>\n\t\t\t\t\t<\/div>\n\t\t<\/div>\n\t\t\t\t\t<\/div>\n\t\t<\/section>\n\t\t\t\t<\/div>\n\t\t<!--themify_builder_content-->\n<div id=\"themify_builder_content-26\" data-postid=\"26\" class=\"themify_builder_content themify_builder_content-26 themify_builder tf_clear\">\n    \t<!-- module_row -->\n\t<div  data-lazy=\"1\" class=\"module_row themify_builder_row tb_2sr0955 tb_first tf_clearfix\" >\n\t    \t\t<div class=\"row_inner col_align_top tf_box tf_w tf_rel\">\n\t\t\t<div  data-lazy=\"1\" class=\"module_column tb-column col-full first tb_0ktp958 tf_box\">\n\t    \t    \t        <div class=\"tb-column-inner tf_box tf_w\">\n\t\t    <!-- module text -->\n<div  class=\"module module-text tb_x1yv959   \" data-lazy=\"1\">\n        <div  class=\"tb_text_wrap\">\n    <p>Ha\u00efti Elevage a \u00e9t\u00e9 cr\u00e9\u00e9 en date du 26 mars 2016 avec l\u2019id\u00e9e de regrouper tous les \u00e9leveurs ha\u00eftiens \u00e0 travers les 10 d\u00e9partements afin d\u2019am\u00e9liorer leurs conditions de vie. Les statistiques montrent que l\u2019\u00e9levage reste le secteur le plus important de l\u2019\u00e9conomie national, et surtout le moins exploit\u00e9.<\/p>\n<p>Aujourd\u2019hui l\u2019\u00e9levage repr\u00e9sente 40% de la production agricole mondiale, il assure les moyens d\u2019existence et la s\u00e9curit\u00e9 alimentaires de 45 millions d\u2019\u00e9leveurs dans les pays d\u00e9velopp\u00e9s et 1,3 milliard dans les pays en d\u00e9veloppement, nous ne faisons que consomm\u00e9 des produits import\u00e9s. \u00c0 L\u2019heure actuelle, les trois quarts des produits consomm\u00e9s en Ha\u00efti viennent des Etats-Unis, R\u00e9publique Dominicaine voisine, au Canada et en Europe.<\/p>\n<p>Nous, les \u00e9leveurs doivent faire un faisceau pour avancer vers cette lib\u00e9ration commerciale, car le d\u00e9veloppement durable d\u2019un pays repose sur 4 aspects fondamentaux. La solidarit\u00e9, la pr\u00e9caution, la responsabilit\u00e9, et la participation<\/p>    <\/div>\n<\/div>\n<!-- \/module text --><!-- module buttons -->\n<div  class=\"module module-buttons tb_aj4i158 buttons-horizontal solid  large circle\" data-lazy=\"1\">\n    \t<div class=\"module-buttons-item tf_inline_b\">\n\t\t\t\t\t\t\t<a href=\"http:\/\/info@haitielevage.com\" class=\"ui builder_button green\" >\n\t\t\t\t\t\t\t\t\t\t\t\t<em class=\"tf_inline_b tf_vmiddle\"><svg  aria-hidden=\"true\" class=\"tf_fa tf-ti-email\"><use href=\"#tf-ti-email\"><\/use><\/svg><\/em>\t\t\t\t\t\t\t\t<span class=\"tf_inline_b tf_vmiddle\">Contactez- nous:  info@haitielevage.com<\/span>\n\t\t\t\t\t\t\t\t\t\t\t<\/a>\n\t\t\t    \t<\/div>\n\t<\/div>\n<!-- \/module buttons -->\n<!-- module fancy heading -->\n<div  class=\"module module-fancy-heading tb_1y8u736 \" data-lazy=\"1\">\n        <h1 class=\"fancy-heading\">\n    <span  class=\"main-head tf_block\">\n\t\t\t\t\tNOS SPECIALIT\u00c9S\t\t    <\/span>\n    <span class=\"sub-head tf_block tf_rel\">\n\t\t\t\t\tVoici quelques-unes de nos sp\u00e9cialit\u00e9s\t\t    <\/span>\n    <\/h1>\n<\/div>\n<!-- \/module fancy heading -->\n\t        <\/div>\n\t    \t<\/div>\n\t\t    <\/div>\n\t    <!-- \/row_inner -->\n\t<\/div>\n\t<!-- \/module_row -->\n\t\t<!-- module_row -->\n\t<div  data-lazy=\"1\" class=\"module_row themify_builder_row tb_tcth955 tf_clearfix\" >\n\t    \t\t<div class=\"row_inner col_align_top tf_box tf_w tf_rel\">\n\t\t\t<div  data-lazy=\"1\" class=\"module_column tb-column col-full first tb_53je963 tf_box\">\n\t    \t    \t        <div class=\"tb-column-inner tf_box tf_w\">\n\t\t    \t<div  data-lazy=\"1\" class=\"module_subrow themify_builder_sub_row tb_to2z963 tf_w tf_clearfix\">\n\t    \t\t<div class=\"subrow_inner col_align_middle tf_box tf_w\">\n\t\t\t<div  data-lazy=\"1\" class=\"sub_column module_column tf_box col4-2 first tb_aa7y964\"> \n\t    \t    \t        <div class=\"tb-column-inner tf_box tf_w\">\n\t\t    <!-- module image -->\n<div  class=\"module module-image tb_tbxy964   image-center tf_mw wow\" data-tf-animation=\"fadeIn\" data-lazy=\"1\">\n        <div class=\"image-wrap tf_rel tf_mw\">\n\t\t    <img fetchpriority=\"high\" fetchpriority=\"high\" decoding=\"async\" width=\"424\" height=\"443\" src=\"https:\/\/haitielevage.com\/wp-content\/uploads\/2021\/09\/poisson3.png\" class=\"wp-post-image wp-image-198\" title=\"poisson3\" alt=\"poisson3\" srcset=\"https:\/\/haitielevage.com\/wp-content\/uploads\/2021\/09\/poisson3.png 424w, https:\/\/haitielevage.com\/wp-content\/uploads\/2021\/09\/poisson3-287x300.png 287w\" sizes=\"(max-width: 424px) 100vw, 424px\" \/>\t\n\t\t<\/div>\n\t<!-- \/image-wrap -->\n    \n    \t<\/div>\n<!-- \/module image -->\t        <\/div>\n\t    \t<\/div>\n\t\t<div  data-lazy=\"1\" class=\"sub_column module_column tf_box col4-2 last tb_bq67964\"> \n\t    \t    \t        <div class=\"tb-column-inner tf_box tf_w\">\n\t\t    <!-- module text -->\n<div  class=\"module module-text tb_ageg964   \" data-lazy=\"1\">\n        <div  class=\"tb_text_wrap\">\n    <h3 style=\"text-align: left;\">Elevage Poisson d&#8217;eau douce<\/h3>\n<p style=\"text-align: left;\">Nous nous d\u00e9marquons par la qualit\u00e9 de nos produits, un service hors pair et en offrant une gamme \u00e9tendue de poisson d&#8217;eau douce et d&#8217;aquaculture. Notre client\u00e8le est essentiellement compos\u00e9e de d\u00e9taillants, de distributeurs et de cha\u00eenes de restaurants..<\/p>\n    <\/div>\n<\/div>\n<!-- \/module text -->\t        <\/div>\n\t    \t<\/div>\n\t\t    <\/div>\n\t<\/div><!-- \/themify_builder_sub_row -->\n\t\t        <\/div>\n\t    \t<\/div>\n\t\t    <\/div>\n\t    <!-- \/row_inner -->\n\t<\/div>\n\t<!-- \/module_row -->\n\t\t<!-- module_row -->\n\t<div  data-lazy=\"1\" class=\"module_row themify_builder_row tb_9gng452 tf_clearfix\" >\n\t    \t\t<div class=\"row_inner col_align_top tf_box tf_w tf_rel\">\n\t\t\t<div  data-lazy=\"1\" class=\"module_column tb-column col-full first tb_rtea455 tf_box\">\n\t    \t    \t        <div class=\"tb-column-inner tf_box tf_w\">\n\t\t    \t<div  data-lazy=\"1\" class=\"module_subrow themify_builder_sub_row tb_qny5456 tf_w tf_clearfix\">\n\t    \t\t<div class=\"subrow_inner col_align_middle tf_box tf_w\">\n\t\t\t<div  data-lazy=\"1\" class=\"sub_column module_column tf_box col4-2 first tb_cqim457\"> \n\t    \t    \t        <div class=\"tb-column-inner tf_box tf_w\">\n\t\t    <!-- module text -->\n<div  class=\"module module-text tb_9xzt466   \" data-lazy=\"1\">\n        <div  class=\"tb_text_wrap\">\n    <h3 style=\"text-align: left;\">Elevage Poulet<\/h3>\n<p style=\"text-align: left;\">Nous nous d\u00e9marquons par la qualit\u00e9 de nos produits, un service hors pair et en offrant une gamme \u00e9tendue de poisson d&#8217;eau douce et d&#8217;aquaculture. Notre client\u00e8le est essentiellement compos\u00e9e de d\u00e9taillants, de distributeurs et de cha\u00eenes de restaurants..<\/p>\n    <\/div>\n<\/div>\n<!-- \/module text -->\t        <\/div>\n\t    \t<\/div>\n\t\t<div  data-lazy=\"1\" class=\"sub_column module_column tf_box col4-2 last tb_gp1x465\"> \n\t    \t    \t        <div class=\"tb-column-inner tf_box tf_w\">\n\t\t    <!-- module image -->\n<div  class=\"module module-image tb_nkhc458   image-center tf_mw wow\" data-tf-animation=\"fadeIn\" data-lazy=\"1\">\n        <div class=\"image-wrap tf_rel tf_mw\">\n\t\t    <img decoding=\"async\" width=\"544\" height=\"447\" src=\"https:\/\/haitielevage.com\/wp-content\/uploads\/2021\/09\/poulet56.png\" class=\"wp-post-image wp-image-205\" title=\"poulet56\" alt=\"poulet56\" srcset=\"https:\/\/haitielevage.com\/wp-content\/uploads\/2021\/09\/poulet56.png 544w, https:\/\/haitielevage.com\/wp-content\/uploads\/2021\/09\/poulet56-300x247.png 300w\" sizes=\"(max-width: 544px) 100vw, 544px\" \/>\t\n\t\t<\/div>\n\t<!-- \/image-wrap -->\n    \n    \t<\/div>\n<!-- \/module image -->\t        <\/div>\n\t    \t<\/div>\n\t\t    <\/div>\n\t<\/div><!-- \/themify_builder_sub_row -->\n\t\t        <\/div>\n\t    \t<\/div>\n\t\t    <\/div>\n\t    <!-- \/row_inner -->\n\t<\/div>\n\t<!-- \/module_row -->\n\t\t<!-- module_row -->\n\t<div  data-lazy=\"1\" class=\"module_row themify_builder_row tb_p3rk745 tf_clearfix\" >\n\t    \t\t<div class=\"row_inner col_align_top tf_box tf_w tf_rel\">\n\t\t\t<div  data-lazy=\"1\" class=\"module_column tb-column col-full first tb_mgql746 tf_box\">\n\t    \t    \t        <div class=\"tb-column-inner tf_box tf_w\">\n\t\t    \t<div  data-lazy=\"1\" class=\"module_subrow themify_builder_sub_row tb_bkfw747 tf_w tf_clearfix\">\n\t    \t\t<div class=\"subrow_inner col_align_middle tf_box tf_w\">\n\t\t\t<div  data-lazy=\"1\" class=\"sub_column module_column tf_box col4-2 first tb_x5gg747\"> \n\t    \t    \t        <div class=\"tb-column-inner tf_box tf_w\">\n\t\t    <!-- module image -->\n<div  class=\"module module-image tb_4c3r750   image-center tf_mw wow\" data-tf-animation=\"fadeIn\" data-lazy=\"1\">\n        <div class=\"image-wrap tf_rel tf_mw\">\n\t\t    <img decoding=\"async\" width=\"640\" height=\"427\" src=\"https:\/\/haitielevage.com\/wp-content\/uploads\/2021\/09\/miel.jpg\" class=\"wp-post-image wp-image-213\" title=\"miel\" alt=\"miel\" srcset=\"https:\/\/haitielevage.com\/wp-content\/uploads\/2021\/09\/miel.jpg 640w, https:\/\/haitielevage.com\/wp-content\/uploads\/2021\/09\/miel-300x200.jpg 300w\" sizes=\"(max-width: 640px) 100vw, 640px\" \/>\t\n\t\t<\/div>\n\t<!-- \/image-wrap -->\n    \n    \t<\/div>\n<!-- \/module image -->\t        <\/div>\n\t    \t<\/div>\n\t\t<div  data-lazy=\"1\" class=\"sub_column module_column tf_box col4-2 last tb_vcjq750\"> \n\t    \t    \t        <div class=\"tb-column-inner tf_box tf_w\">\n\t\t    <!-- module text -->\n<div  class=\"module module-text tb_5j1k748   \" data-lazy=\"1\">\n        <div  class=\"tb_text_wrap\">\n    <h3 style=\"text-align: left;\">\u00c9levage de reines d&#8217;abeilles \u00e0 miel<\/h3>\n<p style=\"text-align: left;\">Notre cheptel de ruches est constitu\u00e9 de 300 colonies d\u00e9di\u00e9es \u00e0 la production de miel certifi\u00e9 biologique. Notre centre d\u2019\u00e9levage travaille depuis plus de 6 ans dans le plus grand respect de l\u2019abeille, de la nature et de l\u2019environnement<\/p>\n    <\/div>\n<\/div>\n<!-- \/module text -->\t        <\/div>\n\t    \t<\/div>\n\t\t    <\/div>\n\t<\/div><!-- \/themify_builder_sub_row -->\n\t\t        <\/div>\n\t    \t<\/div>\n\t\t    <\/div>\n\t    <!-- \/row_inner -->\n\t<\/div>\n\t<!-- \/module_row -->\n\t<\/div>\n<!--\/themify_builder_content-->\n","protected":false},"excerpt":{"rendered":"<p>Ha\u00efti \u00c9levage et son \u00e9quipe&#8230; Ha\u00efti\u00a0\u00c9levage est une entreprise datant de plusieurs ann\u00e9es d&#8217;exp\u00e9rience en mati\u00e8re de vente de nourriture pour b\u00e9tails, d&#8217;aviculture et de pisciculture. Notre \u00e9quipe regroupe des professionnels comp\u00e9tents pouvant vous offrir tous les services n\u00e9cessaires \u00e0 l&#8217;\u00e9levage. Faites nous confiance!<\/p>\n","protected":false},"author":1,"featured_media":0,"parent":0,"menu_order":0,"comment_status":"closed","ping_status":"closed","template":"","meta":{"om_disable_all_campaigns":false,"_monsterinsights_skip_tracking":false,"_monsterinsights_sitenote_active":false,"_monsterinsights_sitenote_note":"","_monsterinsights_sitenote_category":0,"footnotes":""},"class_list":["post-26","page","type-page","status-publish","hentry","has-post-title","has-post-date","has-post-category","has-post-tag","has-post-comment","has-post-author",""],"aioseo_notices":[],"_links":{"self":[{"href":"https:\/\/haitielevage.com\/index.php\/wp-json\/wp\/v2\/pages\/26","targetHints":{"allow":["GET"]}}],"collection":[{"href":"https:\/\/haitielevage.com\/index.php\/wp-json\/wp\/v2\/pages"}],"about":[{"href":"https:\/\/haitielevage.com\/index.php\/wp-json\/wp\/v2\/types\/page"}],"author":[{"embeddable":true,"href":"https:\/\/haitielevage.com\/index.php\/wp-json\/wp\/v2\/users\/1"}],"replies":[{"embeddable":true,"href":"https:\/\/haitielevage.com\/index.php\/wp-json\/wp\/v2\/comments?post=26"}],"version-history":[{"count":28,"href":"https:\/\/haitielevage.com\/index.php\/wp-json\/wp\/v2\/pages\/26\/revisions"}],"predecessor-version":[{"id":309,"href":"https:\/\/haitielevage.com\/index.php\/wp-json\/wp\/v2\/pages\/26\/revisions\/309"}],"wp:attachment":[{"href":"https:\/\/haitielevage.com\/index.php\/wp-json\/wp\/v2\/media?parent=26"}],"curies":[{"name":"wp","href":"https:\/\/api.w.org\/{rel}","templated":true}]}}