{"id":125,"date":"2021-08-26T22:57:48","date_gmt":"2021-08-26T20:57:48","guid":{"rendered":"https:\/\/haitielevage.com\/?page_id=125"},"modified":"2021-09-09T00:03:18","modified_gmt":"2021-09-08T22:03:18","slug":"notre-fondation","status":"publish","type":"page","link":"https:\/\/haitielevage.com\/index.php\/notre-fondation\/","title":{"rendered":"Fondation"},"content":{"rendered":"<!--themify_builder_content-->\n<div id=\"themify_builder_content-125\" data-postid=\"125\" class=\"themify_builder_content themify_builder_content-125 themify_builder tf_clear\">\n    \t<!-- module_row -->\n\t<div  data-css_id=\"jfym516\" data-lazy=\"1\" class=\"module_row themify_builder_row fullwidth_row_container tb_jfym516 tb_first tf_clearfix\" >\n\t    \t\t<div class=\"row_inner col_align_bottom gutter-none col_auto_height direction-rtl tf_box tf_w tf_rel\"  data-desktop_dir=\"rtl\" data-tablet_dir=\"rtl\" data-tablet_landscape_dir=\"rtl\" data-basecol=\"1\" data-col_mobile=\"column-full\">\n\t\t\t<div  data-lazy=\"1\" class=\"module_column tb-column col-full first tb_efxp519 tf_box\">\n\t    \t    \t        <div class=\"tb-column-inner tf_box tf_w\">\n\t\t    \t<div  data-lazy=\"1\" class=\"module_subrow themify_builder_sub_row tb_o9kr522 tf_w tf_clearfix\">\n\t    \t\t<div class=\"subrow_inner gutter-none col_align_middle tf_box tf_w\"  data-basecol=\"2\" data-col_tablet=\"column4-2\" data-col_tablet_landscape=\"column4-2\" data-col_mobile=\"column-full\">\n\t\t\t<div  data-lazy=\"1\" class=\"sub_column module_column tf_box col2-1 first tb_da81529\"> \n\t    \t    \t        <div class=\"tb-column-inner tf_box tf_w\">\n\t\t    <!-- module image -->\n<div  class=\"module module-image tb_4c3s531   image-center tf_mw\" data-lazy=\"1\" data-lax=\"true\" data-lax-anchor=\"self\" data-lax-optimize=\"true\" data-lax-translate-y=\"(vh*0.7) 0,(vh*0) -70\" data-lax-v-speed=\"1\" data-lax-no-op=\"true\">\n        <div class=\"image-wrap tf_rel tf_mw\">\n\t\t    <img fetchpriority=\"high\" fetchpriority=\"high\" decoding=\"async\" src=\"https:\/\/haitielevage.com\/wp-content\/uploads\/2021\/08\/Nos-enfants-1-600x799.jpeg\" width=\"600\" height=\"799\" class=\"wp-post-image wp-image-126\" title=\"Nos enfants (1)\" alt=\"Nos enfants (1)\" srcset=\"https:\/\/haitielevage.com\/wp-content\/uploads\/2021\/08\/Nos-enfants-1-600x799.jpeg 600w, https:\/\/haitielevage.com\/wp-content\/uploads\/2021\/08\/Nos-enfants-1-225x300.jpeg 225w, https:\/\/haitielevage.com\/wp-content\/uploads\/2021\/08\/Nos-enfants-1.jpeg 736w\" sizes=\"(max-width: 600px) 100vw, 600px\" \/>\t\n\t\t<\/div>\n\t<!-- \/image-wrap -->\n    \n    \t<\/div>\n<!-- \/module image -->\t        <\/div>\n\t    \t<\/div>\n\t\t<div  data-lazy=\"1\" class=\"sub_column module_column tf_box col2-1 last tb_cnar535\"> \n\t    \t    \t        <div class=\"tb-column-inner tf_box tf_w\">\n\t\t    <!-- module text -->\n<div  class=\"module module-text tb_r339538  repeat \" data-lazy=\"1\">\n        <div  class=\"tb_text_wrap\">\n    <h3>Les enfants m\u00e9ritent MIEUX<\/h3>\n<p>Un engagement comme jamais auparavant \u00e0 lutter \u00e0<br \/>\nl&#8217;\u00e9chelle local contre la pauvret\u00e9 des enfants pourrait semer la<br \/>\ngraine de mesures attendues depuis des g\u00e9n\u00e9rations par<br \/>\nles Haitien. Apr\u00e8s des d\u00e9cennies<br \/>\nd&#8217;instabilit\u00e9 pour les familles et des promesses non<br \/>\ntenues d&#8217;\u00e9liminer la pauvret\u00e9 infantile, <\/p>\n<p><a href=\"https:\/\/haitielevage.com\/\">Voir plus<\/a><\/p>\n    <\/div>\n<\/div>\n<!-- \/module text -->\t        <\/div>\n\t    \t<\/div>\n\t\t    <\/div>\n\t<\/div><!-- \/themify_builder_sub_row -->\n\t\t<div  data-lazy=\"1\" class=\"module_subrow themify_builder_sub_row tb_npj5546 tf_w tf_clearfix\">\n\t    \t\t<div class=\"subrow_inner gutter-none col_align_middle tf_box tf_w\"  data-basecol=\"2\" data-col_tablet=\"column4-2\" data-col_tablet_landscape=\"column4-2\">\n\t\t\t<div  data-lazy=\"1\" class=\"sub_column module_column tf_box col2-1 first tb_31f1547\"> \n\t    \t    \t        <div class=\"tb-column-inner tf_box tf_w\">\n\t\t    <!-- module text -->\n<div  class=\"module module-text tb_3mx3548  repeat \" data-lazy=\"1\">\n        <div  class=\"tb_text_wrap\">\n    <h3>Education pour tous<\/h3>\n<p>L&#8217;apprentissage pour tous de la maternelle \u00e0 la 12e ann\u00e9e d\u00e9crit un processus visant \u00e0 cerner et \u00e0 suivre les points forts et les besoins de chaque \u00e9l\u00e8ve \u2013 gr\u00e2ce \u00e0 une \u00e9valuation continue au service de l&#8217;apprentissage et \u00e0 des outils comme les profils d&#8217;\u00e9l\u00e8ve .<\/p>\n<p><a href=\"https:\/\/haitielevage.com\/\">Voir plus<\/a><\/p>\n    <\/div>\n<\/div>\n<!-- \/module text -->\t        <\/div>\n\t    \t<\/div>\n\t\t<div  data-lazy=\"1\" class=\"sub_column module_column tf_box col2-1 last tb_ffpj552\"> \n\t    \t    \t        <div class=\"tb-column-inner tf_box tf_w\">\n\t\t    <!-- module image -->\n<div  class=\"module module-image tb_ujlw553   image-center tf_mw\" data-lazy=\"1\" data-lax=\"true\" data-lax-anchor=\"self\" data-lax-optimize=\"true\" data-lax-translate-y=\"(vh*0.7) 0,(vh*0) -70\" data-lax-v-speed=\"1\" data-lax-no-op=\"true\">\n        <div class=\"image-wrap tf_rel tf_mw\">\n\t\t    <img decoding=\"async\" src=\"https:\/\/haitielevage.com\/wp-content\/uploads\/2021\/08\/fondation-2-1024x768-600x450.jpeg\" width=\"600\" height=\"450\" class=\"wp-post-image wp-image-127\" title=\"fondation 2\" alt=\"fondation 2\" srcset=\"https:\/\/haitielevage.com\/wp-content\/uploads\/2021\/08\/fondation-2-1024x768-600x450.jpeg 600w, https:\/\/haitielevage.com\/wp-content\/uploads\/2021\/08\/fondation-2-300x225.jpeg 300w, https:\/\/haitielevage.com\/wp-content\/uploads\/2021\/08\/fondation-2-1024x768.jpeg 1024w, https:\/\/haitielevage.com\/wp-content\/uploads\/2021\/08\/fondation-2-768x576.jpeg 768w, https:\/\/haitielevage.com\/wp-content\/uploads\/2021\/08\/fondation-2.jpeg 1040w\" sizes=\"(max-width: 600px) 100vw, 600px\" \/>\t\n\t\t<\/div>\n\t<!-- \/image-wrap -->\n    \n    \t<\/div>\n<!-- \/module image -->\t        <\/div>\n\t    \t<\/div>\n\t\t    <\/div>\n\t<\/div><!-- \/themify_builder_sub_row -->\n\t\t        <\/div>\n\t    \t<\/div>\n\t\t    <\/div>\n\t    <!-- \/row_inner -->\n\t<\/div>\n\t<!-- \/module_row -->\n\t<\/div>\n<!--\/themify_builder_content-->\n","protected":false},"excerpt":{"rendered":"<p>Les enfants m\u00e9ritent MIEUX Un engagement comme jamais auparavant \u00e0 lutter \u00e0 l&#8217;\u00e9chelle local contre la pauvret\u00e9 des enfants pourrait semer la graine de mesures attendues depuis des g\u00e9n\u00e9rations par les Haitien. Apr\u00e8s des d\u00e9cennies d&#8217;instabilit\u00e9 pour les familles et des promesses non tenues d&#8217;\u00e9liminer la pauvret\u00e9 infantile, Voir plus<\/p>\n","protected":false},"author":1,"featured_media":0,"parent":0,"menu_order":0,"comment_status":"closed","ping_status":"closed","template":"","meta":{"om_disable_all_campaigns":false,"_monsterinsights_skip_tracking":false,"_monsterinsights_sitenote_active":false,"_monsterinsights_sitenote_note":"","_monsterinsights_sitenote_category":0,"footnotes":""},"class_list":["post-125","page","type-page","status-publish","hentry","has-post-title","has-post-date","has-post-category","has-post-tag","has-post-comment","has-post-author",""],"aioseo_notices":[],"_links":{"self":[{"href":"https:\/\/haitielevage.com\/index.php\/wp-json\/wp\/v2\/pages\/125","targetHints":{"allow":["GET"]}}],"collection":[{"href":"https:\/\/haitielevage.com\/index.php\/wp-json\/wp\/v2\/pages"}],"about":[{"href":"https:\/\/haitielevage.com\/index.php\/wp-json\/wp\/v2\/types\/page"}],"author":[{"embeddable":true,"href":"https:\/\/haitielevage.com\/index.php\/wp-json\/wp\/v2\/users\/1"}],"replies":[{"embeddable":true,"href":"https:\/\/haitielevage.com\/index.php\/wp-json\/wp\/v2\/comments?post=125"}],"version-history":[{"count":4,"href":"https:\/\/haitielevage.com\/index.php\/wp-json\/wp\/v2\/pages\/125\/revisions"}],"predecessor-version":[{"id":273,"href":"https:\/\/haitielevage.com\/index.php\/wp-json\/wp\/v2\/pages\/125\/revisions\/273"}],"wp:attachment":[{"href":"https:\/\/haitielevage.com\/index.php\/wp-json\/wp\/v2\/media?parent=125"}],"curies":[{"name":"wp","href":"https:\/\/api.w.org\/{rel}","templated":true}]}}